{"id":28,"date":"2023-11-19T14:11:00","date_gmt":"2023-11-19T14:11:00","guid":{"rendered":"http:\/\/zerrocorr.com\/?page_id=28"},"modified":"2025-07-29T06:14:18","modified_gmt":"2025-07-29T06:14:18","slug":"contact","status":"publish","type":"page","link":"https:\/\/zerrocorr.com\/ru\/contact\/","title":{"rendered":"\u041a\u043e\u043d\u0442\u0430\u043a\u0442"},"content":{"rendered":"<p>\u041d\u0430\u0437\u0432\u0430\u043d\u0438\u0435 \u043f\u0440\u0435\u0434\u043f\u0440\u0438\u044f\u0442\u0438\u044f: MB ZERROCORR<\/p>\n\n\n\n<p><br>Address of the Company: Kreg\u017ed\u017ei\u0173 g. 2, Vilnius, LT-10238<\/p>\n\n\n\n<p><br>\u042e\u0440\u0438\u0434\u0438\u0447\u0435\u0441\u043a\u0438\u0439 \u043a\u043e\u0434 \u043f\u0440\u0435\u0434\u043f\u0440\u0438\u044f\u0442\u0438\u044f: 306623046<\/p>\n\n\n\n<p><br>\u0421\u0447\u0435\u0442 \u043f\u0440\u0435\u0434\u043f\u0440\u0438\u044f\u0442\u0438\u044f \u0432 \u0431\u0430\u043d\u043a\u0435: LT867300010182295167<\/p>\n\n\n\n<p><br>SWEDBANK AB 3700, \u0412\u0438\u043b\u044c\u043d\u044e\u0441, \u041b\u0438\u0442\u0432\u0430<\/p>\n\n\n\n<p><br>BIC \u2013 HABALT22<\/p>\n\n\n\n<p><br>\u042d-\u0430\u0434\u0440\u0435\u0441 \u0440\u0435\u0434\u043f\u0440\u0438\u044f\u0442\u0438\u044f:  info@zerrocorr.com<\/p>\n\n\n\n<p><br>\u0421\u0430\u0439\u0442 \u043f\u0440\u0435\u0434\u043f\u0440\u0438\u044f\u0442\u0438\u044f \u0432 \u0438\u043d\u0442\u0435\u0440\u043d\u0435\u0442\u0435: <a href=\"https:\/\/zerrocorr.com\/ru\/\" data-type=\"link\" data-id=\"www.zerrocorr.com\">www.zerrocorr.com<\/a><\/p>","protected":false},"excerpt":{"rendered":"<p>Name of the Company: MB ZERROCORR Address of the Company: Kreg\u017ed\u017ei\u0173 g. 2, Vilnius, LT-10238 Code of the Company: 306623046 Bank account of the Company: LT867300010182295167 SWEDBANK AB 3700, Vilnius, Lithuania BIC \u2013 HABALT22 E-mail address of the Company: info@zerrocorr.com Website of the Company: www.zerrocorr.com<\/p>","protected":false},"author":1,"featured_media":0,"parent":0,"menu_order":0,"comment_status":"closed","ping_status":"closed","template":"","meta":{"footnotes":""},"acf":[],"_links":{"self":[{"href":"https:\/\/zerrocorr.com\/ru\/wp-json\/wp\/v2\/pages\/28"}],"collection":[{"href":"https:\/\/zerrocorr.com\/ru\/wp-json\/wp\/v2\/pages"}],"about":[{"href":"https:\/\/zerrocorr.com\/ru\/wp-json\/wp\/v2\/types\/page"}],"author":[{"embeddable":true,"href":"https:\/\/zerrocorr.com\/ru\/wp-json\/wp\/v2\/users\/1"}],"replies":[{"embeddable":true,"href":"https:\/\/zerrocorr.com\/ru\/wp-json\/wp\/v2\/comments?post=28"}],"version-history":[{"count":3,"href":"https:\/\/zerrocorr.com\/ru\/wp-json\/wp\/v2\/pages\/28\/revisions"}],"predecessor-version":[{"id":155,"href":"https:\/\/zerrocorr.com\/ru\/wp-json\/wp\/v2\/pages\/28\/revisions\/155"}],"wp:attachment":[{"href":"https:\/\/zerrocorr.com\/ru\/wp-json\/wp\/v2\/media?parent=28"}],"curies":[{"name":"wp","href":"https:\/\/api.w.org\/{rel}","templated":true}]}}